{"id":1472,"date":"2023-05-04T17:17:00","date_gmt":"2023-05-04T17:17:00","guid":{"rendered":"https:\/\/actionclient.com\/politica-de-privacidade\/"},"modified":"2023-12-07T21:42:05","modified_gmt":"2023-12-07T21:42:05","slug":"politica-de-privacidade","status":"publish","type":"page","link":"https:\/\/actionclient.com\/pt-br\/politica-de-privacidade\/","title":{"rendered":"Pol\u00edtica de privacidade"},"content":{"rendered":"\n<div style=\"height:100px\" aria-hidden=\"true\" class=\"wp-block-spacer\"><\/div>\n\n<h2 class=\"wp-block-heading\">Quem somos n\u00f3s?<\/h2>\n\n<p>O endere\u00e7o do nosso s\u00edtio Web \u00e9 <a href=\"https:\/\/actionclient.com\/pt-br\/\" target=\"_blank\" rel=\"noreferrer noopener\">https:\/\/actionclient.com.<\/a><\/p>\n\n<h2 class=\"wp-block-heading\">Coment\u00e1rios<\/h2>\n\n<p>Quando deixa um coment\u00e1rio no nosso site, os dados introduzidos no formul\u00e1rio de coment\u00e1rio, bem como o seu endere\u00e7o IP e o agente do utilizador do seu browser, s\u00e3o recolhidos para nos ajudar a detetar coment\u00e1rios indesej\u00e1veis.<\/p>\n\n<p>Uma cadeia an\u00f3nima criada a partir do seu endere\u00e7o de correio eletr\u00f3nico (tamb\u00e9m conhecida como hash) pode ser enviada para o servi\u00e7o Gravatar para verificar se o est\u00e1 a utilizar. A pol\u00edtica de privacidade do Gravatar est\u00e1 dispon\u00edvel aqui: https:\/\/automattic.com\/privacy\/. Quando o seu coment\u00e1rio for validado, a sua fotografia de perfil ficar\u00e1 vis\u00edvel publicamente junto ao seu coment\u00e1rio.<\/p>\n\n<h2 class=\"wp-block-heading\">Media<\/h2>\n\n<p>Se carregar imagens para o s\u00edtio, aconselhamo-lo a evitar carregar imagens que contenham dados EXIF de coordenadas GPS. As pessoas que visitam o seu s\u00edtio podem descarregar e extrair dados de localiza\u00e7\u00e3o destas imagens.<\/p>\n\n<h2 class=\"wp-block-heading\">Biscoitos<\/h2>\n\n<p>Se deixar um coment\u00e1rio no nosso s\u00edtio, ser-lhe-\u00e1 pedido que guarde o seu nome, endere\u00e7o de correio eletr\u00f3nico e s\u00edtio nos cookies. Isto \u00e9 apenas para sua conveni\u00eancia, para que n\u00e3o tenha de introduzir esta informa\u00e7\u00e3o se publicar outro coment\u00e1rio mais tarde. Estes cookies expiram ao fim de um ano.<\/p>\n\n<p>Se aceder \u00e0 p\u00e1gina de in\u00edcio de sess\u00e3o, ser\u00e1 criado um cookie tempor\u00e1rio para determinar se o seu browser aceita cookies. N\u00e3o cont\u00e9m quaisquer dados pessoais e ser\u00e1 eliminada automaticamente quando fechar o seu browser.<\/p>\n\n<p>Quando iniciar sess\u00e3o, definiremos uma s\u00e9rie de cookies para registar os seus dados de in\u00edcio de sess\u00e3o e prefer\u00eancias de ecr\u00e3. O tempo de vida de um cookie de liga\u00e7\u00e3o \u00e9 de dois dias, o de um cookie de op\u00e7\u00e3o de ecr\u00e3 \u00e9 de um ano. Se selecionar &#8220;Lembrar-me&#8221;, o seu cookie de liga\u00e7\u00e3o ser\u00e1 guardado durante quinze dias. Se sair da sua conta, o cookie de liga\u00e7\u00e3o ser\u00e1 eliminado.<\/p>\n\n<p>Ao modificar ou publicar uma publica\u00e7\u00e3o, ser\u00e1 guardado um cookie adicional no seu browser. Este cookie n\u00e3o cont\u00e9m quaisquer dados pessoais. Indica simplesmente o ID da publica\u00e7\u00e3o que acabou de modificar. Expira ao fim de um dia.<\/p>\n\n<h2 class=\"wp-block-heading\">Conte\u00fado incorporado de outros s\u00edtios<\/h2>\n\n<p>Os artigos deste s\u00edtio podem incluir conte\u00fados incorporados (por exemplo, v\u00eddeos, imagens, artigos, etc.). O conte\u00fado integrado de outros s\u00edtios comporta-se da mesma forma como se o visitante estivesse a visitar esse outro s\u00edtio.<\/p>\n\n<p>Estes s\u00edtios Web podem recolher dados sobre o utilizador, utilizar cookies, incorporar ferramentas de rastreio de terceiros e rastrear as suas interac\u00e7\u00f5es com este conte\u00fado incorporado se tiver uma conta ligada ao seu s\u00edtio Web.<\/p>\n\n<h2 class=\"wp-block-heading\">Utiliza\u00e7\u00e3o e transmiss\u00e3o dos seus dados pessoais<\/h2>\n\n<p>Se solicitar uma reposi\u00e7\u00e3o da palavra-passe, o seu endere\u00e7o IP ser\u00e1 inclu\u00eddo na mensagem de correio eletr\u00f3nico de reposi\u00e7\u00e3o.<\/p>\n\n<h2 class=\"wp-block-heading\">Per\u00edodos de armazenamento dos seus dados<\/h2>\n\n<p>Se deixar um coment\u00e1rio, o coment\u00e1rio e os seus metadados s\u00e3o guardados indefinidamente. Isto permite que os coment\u00e1rios subsequentes sejam automaticamente reconhecidos e aprovados em vez de ficarem na fila de modera\u00e7\u00e3o.<\/p>\n\n<p>Para as contas que se registam no nosso s\u00edtio (quando aplic\u00e1vel), guardamos tamb\u00e9m os dados pessoais indicados no seu perfil. Todas as contas podem ver, modificar ou apagar as suas informa\u00e7\u00f5es pessoais em qualquer altura (com exce\u00e7\u00e3o do seu in\u00edcio de sess\u00e3o). Os gestores do s\u00edtio tamb\u00e9m podem ver e modificar estas informa\u00e7\u00f5es.<\/p>\n\n<h2 class=\"wp-block-heading\">Os direitos que o utilizador tem sobre os seus dados<\/h2>\n\n<p>Se tiver uma conta ou se tiver deixado coment\u00e1rios no s\u00edtio, pode pedir para receber um ficheiro com todos os dados pessoais que temos sobre si, incluindo os que nos forneceu. Tamb\u00e9m pode solicitar a elimina\u00e7\u00e3o dos seus dados pessoais. Tal n\u00e3o inclui os dados armazenados para fins administrativos, jur\u00eddicos ou de seguran\u00e7a.<\/p>\n\n<h2 class=\"wp-block-heading\">Para onde s\u00e3o enviados os seus dados<\/h2>\n\n<p>Os coment\u00e1rios dos visitantes podem ser verificados atrav\u00e9s de um servi\u00e7o automatizado para detetar coment\u00e1rios indesej\u00e1veis.<\/p>\n\n<div style=\"height:100px\" aria-hidden=\"true\" class=\"wp-block-spacer\"><\/div>\n","protected":false},"excerpt":{"rendered":"<p>Quem somos n\u00f3s? O endere\u00e7o do nosso s\u00edtio Web \u00e9 https:\/\/actionclient.com. Coment\u00e1rios Quando deixa um coment\u00e1rio no nosso site, os dados introduzidos no formul\u00e1rio de coment\u00e1rio, bem como o seu endere\u00e7o IP e o agente do utilizador do seu browser, s\u00e3o recolhidos para nos ajudar a detetar coment\u00e1rios indesej\u00e1veis. Uma cadeia an\u00f3nima criada a partir [&hellip;]<\/p>\n","protected":false},"author":1,"featured_media":1442,"parent":0,"menu_order":0,"comment_status":"closed","ping_status":"closed","template":"","meta":{"footnotes":""},"class_list":["post-1472","page","type-page","status-publish","has-post-thumbnail","hentry"],"yoast_head":"<!-- This site is optimized with the Yoast SEO plugin v22.9 - https:\/\/yoast.com\/wordpress\/plugins\/seo\/ -->\n<title>Pol\u00edtica de privacidade - ActionClient<\/title>\n<meta name=\"robots\" content=\"index, follow, max-snippet:-1, max-image-preview:large, max-video-preview:-1\" \/>\n<link rel=\"canonical\" href=\"https:\/\/actionclient.com\/pt-br\/politica-de-privacidade\/\" \/>\n<meta property=\"og:locale\" content=\"pt_BR\" \/>\n<meta property=\"og:type\" content=\"article\" \/>\n<meta property=\"og:title\" content=\"Pol\u00edtica de privacidade - ActionClient\" \/>\n<meta property=\"og:description\" content=\"Quem somos n\u00f3s? O endere\u00e7o do nosso s\u00edtio Web \u00e9 https:\/\/actionclient.com. Coment\u00e1rios Quando deixa um coment\u00e1rio no nosso site, os dados introduzidos no formul\u00e1rio de coment\u00e1rio, bem como o seu endere\u00e7o IP e o agente do utilizador do seu browser, s\u00e3o recolhidos para nos ajudar a detetar coment\u00e1rios indesej\u00e1veis. Uma cadeia an\u00f3nima criada a partir [&hellip;]\" \/>\n<meta property=\"og:url\" content=\"https:\/\/actionclient.com\/pt-br\/politica-de-privacidade\/\" \/>\n<meta property=\"og:site_name\" content=\"ActionClient\" \/>\n<meta property=\"article:modified_time\" content=\"2023-12-07T21:42:05+00:00\" \/>\n<meta property=\"og:image\" content=\"https:\/\/actionclient.com\/wp-content\/uploads\/2023\/05\/pexels-fauxels-3184465.jpg\" \/>\n\t<meta property=\"og:image:width\" content=\"1280\" \/>\n\t<meta property=\"og:image:height\" content=\"853\" \/>\n\t<meta property=\"og:image:type\" content=\"image\/jpeg\" \/>\n<meta name=\"twitter:card\" content=\"summary_large_image\" \/>\n<meta name=\"twitter:label1\" content=\"Est. tempo de leitura\" \/>\n\t<meta name=\"twitter:data1\" content=\"4 minutos\" \/>\n<script type=\"application\/ld+json\" class=\"yoast-schema-graph\">{\"@context\":\"https:\/\/schema.org\",\"@graph\":[{\"@type\":\"WebPage\",\"@id\":\"https:\/\/actionclient.com\/pt-br\/politica-de-privacidade\/\",\"url\":\"https:\/\/actionclient.com\/pt-br\/politica-de-privacidade\/\",\"name\":\"Pol\u00edtica de privacidade - ActionClient\",\"isPartOf\":{\"@id\":\"https:\/\/actionclient.com\/pt-br\/#website\"},\"primaryImageOfPage\":{\"@id\":\"https:\/\/actionclient.com\/pt-br\/politica-de-privacidade\/#primaryimage\"},\"image\":{\"@id\":\"https:\/\/actionclient.com\/pt-br\/politica-de-privacidade\/#primaryimage\"},\"thumbnailUrl\":\"https:\/\/actionclient.com\/wp-content\/uploads\/2023\/05\/pexels-fauxels-3184465.jpg\",\"datePublished\":\"2023-05-04T17:17:00+00:00\",\"dateModified\":\"2023-12-07T21:42:05+00:00\",\"breadcrumb\":{\"@id\":\"https:\/\/actionclient.com\/pt-br\/politica-de-privacidade\/#breadcrumb\"},\"inLanguage\":\"pt-BR\",\"potentialAction\":[{\"@type\":\"ReadAction\",\"target\":[\"https:\/\/actionclient.com\/pt-br\/politica-de-privacidade\/\"]}]},{\"@type\":\"ImageObject\",\"inLanguage\":\"pt-BR\",\"@id\":\"https:\/\/actionclient.com\/pt-br\/politica-de-privacidade\/#primaryimage\",\"url\":\"https:\/\/actionclient.com\/wp-content\/uploads\/2023\/05\/pexels-fauxels-3184465.jpg\",\"contentUrl\":\"https:\/\/actionclient.com\/wp-content\/uploads\/2023\/05\/pexels-fauxels-3184465.jpg\",\"width\":1280,\"height\":853},{\"@type\":\"BreadcrumbList\",\"@id\":\"https:\/\/actionclient.com\/pt-br\/politica-de-privacidade\/#breadcrumb\",\"itemListElement\":[{\"@type\":\"ListItem\",\"position\":1,\"name\":\"Accueil\",\"item\":\"https:\/\/actionclient.com\/pt-br\/\"},{\"@type\":\"ListItem\",\"position\":2,\"name\":\"Pol\u00edtica de privacidade\"}]},{\"@type\":\"WebSite\",\"@id\":\"https:\/\/actionclient.com\/pt-br\/#website\",\"url\":\"https:\/\/actionclient.com\/pt-br\/\",\"name\":\"ActionClient\",\"description\":\"CRM flexible et facile \u00e0 utiliser pour augmenter vos ventes\",\"publisher\":{\"@id\":\"https:\/\/actionclient.com\/pt-br\/#organization\"},\"potentialAction\":[{\"@type\":\"SearchAction\",\"target\":{\"@type\":\"EntryPoint\",\"urlTemplate\":\"https:\/\/actionclient.com\/pt-br\/?s={search_term_string}\"},\"query-input\":\"required name=search_term_string\"}],\"inLanguage\":\"pt-BR\"},{\"@type\":\"Organization\",\"@id\":\"https:\/\/actionclient.com\/pt-br\/#organization\",\"name\":\"ActionClient\",\"url\":\"https:\/\/actionclient.com\/pt-br\/\",\"logo\":{\"@type\":\"ImageObject\",\"inLanguage\":\"pt-BR\",\"@id\":\"https:\/\/actionclient.com\/pt-br\/#\/schema\/logo\/image\/\",\"url\":\"https:\/\/actionclient.com\/wp-content\/uploads\/2023\/02\/logo-final.png\",\"contentUrl\":\"https:\/\/actionclient.com\/wp-content\/uploads\/2023\/02\/logo-final.png\",\"width\":417,\"height\":193,\"caption\":\"ActionClient\"},\"image\":{\"@id\":\"https:\/\/actionclient.com\/pt-br\/#\/schema\/logo\/image\/\"}}]}<\/script>\n<!-- \/ Yoast SEO plugin. -->","yoast_head_json":{"title":"Pol\u00edtica de privacidade - ActionClient","robots":{"index":"index","follow":"follow","max-snippet":"max-snippet:-1","max-image-preview":"max-image-preview:large","max-video-preview":"max-video-preview:-1"},"canonical":"https:\/\/actionclient.com\/pt-br\/politica-de-privacidade\/","og_locale":"pt_BR","og_type":"article","og_title":"Pol\u00edtica de privacidade - ActionClient","og_description":"Quem somos n\u00f3s? O endere\u00e7o do nosso s\u00edtio Web \u00e9 https:\/\/actionclient.com. Coment\u00e1rios Quando deixa um coment\u00e1rio no nosso site, os dados introduzidos no formul\u00e1rio de coment\u00e1rio, bem como o seu endere\u00e7o IP e o agente do utilizador do seu browser, s\u00e3o recolhidos para nos ajudar a detetar coment\u00e1rios indesej\u00e1veis. Uma cadeia an\u00f3nima criada a partir [&hellip;]","og_url":"https:\/\/actionclient.com\/pt-br\/politica-de-privacidade\/","og_site_name":"ActionClient","article_modified_time":"2023-12-07T21:42:05+00:00","og_image":[{"width":1280,"height":853,"url":"https:\/\/actionclient.com\/wp-content\/uploads\/2023\/05\/pexels-fauxels-3184465.jpg","type":"image\/jpeg"}],"twitter_card":"summary_large_image","twitter_misc":{"Est. tempo de leitura":"4 minutos"},"schema":{"@context":"https:\/\/schema.org","@graph":[{"@type":"WebPage","@id":"https:\/\/actionclient.com\/pt-br\/politica-de-privacidade\/","url":"https:\/\/actionclient.com\/pt-br\/politica-de-privacidade\/","name":"Pol\u00edtica de privacidade - ActionClient","isPartOf":{"@id":"https:\/\/actionclient.com\/pt-br\/#website"},"primaryImageOfPage":{"@id":"https:\/\/actionclient.com\/pt-br\/politica-de-privacidade\/#primaryimage"},"image":{"@id":"https:\/\/actionclient.com\/pt-br\/politica-de-privacidade\/#primaryimage"},"thumbnailUrl":"https:\/\/actionclient.com\/wp-content\/uploads\/2023\/05\/pexels-fauxels-3184465.jpg","datePublished":"2023-05-04T17:17:00+00:00","dateModified":"2023-12-07T21:42:05+00:00","breadcrumb":{"@id":"https:\/\/actionclient.com\/pt-br\/politica-de-privacidade\/#breadcrumb"},"inLanguage":"pt-BR","potentialAction":[{"@type":"ReadAction","target":["https:\/\/actionclient.com\/pt-br\/politica-de-privacidade\/"]}]},{"@type":"ImageObject","inLanguage":"pt-BR","@id":"https:\/\/actionclient.com\/pt-br\/politica-de-privacidade\/#primaryimage","url":"https:\/\/actionclient.com\/wp-content\/uploads\/2023\/05\/pexels-fauxels-3184465.jpg","contentUrl":"https:\/\/actionclient.com\/wp-content\/uploads\/2023\/05\/pexels-fauxels-3184465.jpg","width":1280,"height":853},{"@type":"BreadcrumbList","@id":"https:\/\/actionclient.com\/pt-br\/politica-de-privacidade\/#breadcrumb","itemListElement":[{"@type":"ListItem","position":1,"name":"Accueil","item":"https:\/\/actionclient.com\/pt-br\/"},{"@type":"ListItem","position":2,"name":"Pol\u00edtica de privacidade"}]},{"@type":"WebSite","@id":"https:\/\/actionclient.com\/pt-br\/#website","url":"https:\/\/actionclient.com\/pt-br\/","name":"ActionClient","description":"CRM flexible et facile \u00e0 utiliser pour augmenter vos ventes","publisher":{"@id":"https:\/\/actionclient.com\/pt-br\/#organization"},"potentialAction":[{"@type":"SearchAction","target":{"@type":"EntryPoint","urlTemplate":"https:\/\/actionclient.com\/pt-br\/?s={search_term_string}"},"query-input":"required name=search_term_string"}],"inLanguage":"pt-BR"},{"@type":"Organization","@id":"https:\/\/actionclient.com\/pt-br\/#organization","name":"ActionClient","url":"https:\/\/actionclient.com\/pt-br\/","logo":{"@type":"ImageObject","inLanguage":"pt-BR","@id":"https:\/\/actionclient.com\/pt-br\/#\/schema\/logo\/image\/","url":"https:\/\/actionclient.com\/wp-content\/uploads\/2023\/02\/logo-final.png","contentUrl":"https:\/\/actionclient.com\/wp-content\/uploads\/2023\/02\/logo-final.png","width":417,"height":193,"caption":"ActionClient"},"image":{"@id":"https:\/\/actionclient.com\/pt-br\/#\/schema\/logo\/image\/"}}]}},"_links":{"self":[{"href":"https:\/\/actionclient.com\/pt-br\/wp-json\/wp\/v2\/pages\/1472","targetHints":{"allow":["GET"]}}],"collection":[{"href":"https:\/\/actionclient.com\/pt-br\/wp-json\/wp\/v2\/pages"}],"about":[{"href":"https:\/\/actionclient.com\/pt-br\/wp-json\/wp\/v2\/types\/page"}],"author":[{"embeddable":true,"href":"https:\/\/actionclient.com\/pt-br\/wp-json\/wp\/v2\/users\/1"}],"replies":[{"embeddable":true,"href":"https:\/\/actionclient.com\/pt-br\/wp-json\/wp\/v2\/comments?post=1472"}],"version-history":[{"count":5,"href":"https:\/\/actionclient.com\/pt-br\/wp-json\/wp\/v2\/pages\/1472\/revisions"}],"predecessor-version":[{"id":2554,"href":"https:\/\/actionclient.com\/pt-br\/wp-json\/wp\/v2\/pages\/1472\/revisions\/2554"}],"wp:featuredmedia":[{"embeddable":true,"href":"https:\/\/actionclient.com\/pt-br\/wp-json\/wp\/v2\/media\/1442"}],"wp:attachment":[{"href":"https:\/\/actionclient.com\/pt-br\/wp-json\/wp\/v2\/media?parent=1472"}],"curies":[{"name":"wp","href":"https:\/\/api.w.org\/{rel}","templated":true}]}}