{"id":1304,"date":"2023-05-04T17:17:00","date_gmt":"2023-05-04T17:17:00","guid":{"rendered":"https:\/\/actionclient.com\/politica-de-privacidad\/"},"modified":"2023-12-07T21:42:21","modified_gmt":"2023-12-07T21:42:21","slug":"politica-de-privacidad","status":"publish","type":"page","link":"https:\/\/actionclient.com\/es\/politica-de-privacidad\/","title":{"rendered":"Pol\u00edtica de privacidad"},"content":{"rendered":"\n<div style=\"height:100px\" aria-hidden=\"true\" class=\"wp-block-spacer\"><\/div>\n\n<h2 class=\"wp-block-heading\">\u00bfQui\u00e9nes somos?<\/h2>\n\n<p>La direcci\u00f3n de nuestro sitio web es <a href=\"https:\/\/actionclient.com\/es\/\" target=\"_blank\" rel=\"noreferrer noopener\">https:\/\/actionclient.com.<\/a><\/p>\n\n<h2 class=\"wp-block-heading\">Comentarios<\/h2>\n\n<p>Cuando deja un comentario en nuestro sitio, los datos introducidos en el formulario de comentarios, as\u00ed como su direcci\u00f3n IP y el agente de usuario de su navegador, se recopilan para ayudarnos a detectar comentarios no deseados.<\/p>\n\n<p>Una cadena an\u00f3nima creada a partir de tu direcci\u00f3n de correo electr\u00f3nico (tambi\u00e9n conocida como hash) puede enviarse al servicio Gravatar para comprobar que la est\u00e1s utilizando. La pol\u00edtica de privacidad de Gravatar est\u00e1 disponible aqu\u00ed: https:\/\/automattic.com\/privacy\/. Una vez validado tu comentario, tu foto de perfil ser\u00e1 visible p\u00fablicamente junto a tu comentario.<\/p>\n\n<h2 class=\"wp-block-heading\">Medios de comunicaci\u00f3n<\/h2>\n\n<p>Si carga im\u00e1genes en el sitio, le aconsejamos que evite cargar im\u00e1genes que contengan datos EXIF de coordenadas GPS. Las personas que visitan su sitio pueden descargar y extraer datos de localizaci\u00f3n de estas im\u00e1genes.<\/p>\n\n<h2 class=\"wp-block-heading\">Cookies<\/h2>\n\n<p>Si deja un comentario en nuestro sitio, se le pedir\u00e1 que guarde su nombre, direcci\u00f3n de correo electr\u00f3nico y sitio en las cookies. Esto es s\u00f3lo para su comodidad, para que no tenga que introducir esta informaci\u00f3n si publica otro comentario m\u00e1s tarde. Estas cookies caducan al cabo de un a\u00f1o.<\/p>\n\n<p>Si accede a la p\u00e1gina de inicio de sesi\u00f3n, se crear\u00e1 una cookie temporal para determinar si su navegador acepta cookies. No contiene ning\u00fan dato personal y se borrar\u00e1 autom\u00e1ticamente cuando cierre el navegador.<\/p>\n\n<p>Cuando se conecte, instalaremos una serie de cookies para registrar sus datos de acceso y preferencias de pantalla. La vida \u00fatil de una cookie de conexi\u00f3n es de dos d\u00edas, la de una cookie de opci\u00f3n de pantalla es de un a\u00f1o. Si marca \u00abRecordarme\u00bb, su cookie de conexi\u00f3n se almacenar\u00e1 durante quince d\u00edas. Si sale de su cuenta, se borrar\u00e1 la cookie de conexi\u00f3n.<\/p>\n\n<p>Al modificar o publicar una publicaci\u00f3n, se almacenar\u00e1 una cookie adicional en su navegador. Esta cookie no contiene ning\u00fan dato personal. Indica simplemente el ID de la publicaci\u00f3n que acaba de modificar. Caduca al cabo de un d\u00eda.<\/p>\n\n<h2 class=\"wp-block-heading\">Contenido incrustado de otros sitios<\/h2>\n\n<p>Los art\u00edculos de este sitio pueden incluir contenido incrustado (por ejemplo, v\u00eddeos, im\u00e1genes, art\u00edculos&#8230;). El contenido incrustado de otros sitios se comporta de la misma manera que si el visitante estuviera en ese otro sitio.<\/p>\n\n<p>Estos sitios web pueden recopilar datos sobre usted, utilizar cookies, incrustar herramientas de seguimiento de terceros, rastrear sus interacciones con estos contenidos incrustados si tiene una cuenta iniciada en su sitio web.<\/p>\n\n<h2 class=\"wp-block-heading\">Uso y transmisi\u00f3n de sus datos personales<\/h2>\n\n<p>Si solicita un restablecimiento de contrase\u00f1a, su direcci\u00f3n IP se incluir\u00e1 en el correo electr\u00f3nico de restablecimiento.<\/p>\n\n<h2 class=\"wp-block-heading\">Periodos de almacenamiento de sus datos<\/h2>\n\n<p>Si deja un comentario, el comentario y sus metadatos se conservan indefinidamente. Esto permite que los comentarios posteriores se reconozcan y aprueben autom\u00e1ticamente en lugar de quedarse en la cola de moderaci\u00f3n.<\/p>\n\n<p>En el caso de las cuentas que se registran en nuestro sitio (si procede), tambi\u00e9n almacenamos los datos personales indicados en su perfil. Todas las cuentas pueden ver, modificar o borrar su informaci\u00f3n personal en cualquier momento (a excepci\u00f3n de su nombre de usuario). Los administradores de los centros tambi\u00e9n pueden ver y modificar esta informaci\u00f3n.<\/p>\n\n<h2 class=\"wp-block-heading\">Los derechos que tiene sobre sus datos<\/h2>\n\n<p>Si tiene una cuenta o si ha dejado comentarios en el sitio, puede solicitar que le enviemos un archivo con todos los datos personales que tenemos sobre usted, incluidos los que nos ha facilitado. Tambi\u00e9n puede solicitar la supresi\u00f3n de sus datos personales. Esto no incluye los datos almacenados con fines administrativos, legales o de seguridad.<\/p>\n\n<h2 class=\"wp-block-heading\">D\u00f3nde se env\u00edan sus datos<\/h2>\n\n<p>Los comentarios de los visitantes pueden comprobarse mediante un servicio automatizado para detectar comentarios no deseados.<\/p>\n\n<div style=\"height:100px\" aria-hidden=\"true\" class=\"wp-block-spacer\"><\/div>\n","protected":false},"excerpt":{"rendered":"<p>\u00bfQui\u00e9nes somos? La direcci\u00f3n de nuestro sitio web es https:\/\/actionclient.com. Comentarios Cuando deja un comentario en nuestro sitio, los datos introducidos en el formulario de comentarios, as\u00ed como su direcci\u00f3n IP y el agente de usuario de su navegador, se recopilan para ayudarnos a detectar comentarios no deseados. Una cadena an\u00f3nima creada a partir de [&hellip;]<\/p>\n","protected":false},"author":1,"featured_media":1196,"parent":0,"menu_order":0,"comment_status":"closed","ping_status":"closed","template":"","meta":{"footnotes":""},"class_list":["post-1304","page","type-page","status-publish","has-post-thumbnail","hentry"],"yoast_head":"<!-- This site is optimized with the Yoast SEO plugin v22.9 - https:\/\/yoast.com\/wordpress\/plugins\/seo\/ -->\n<title>Pol\u00edtica de privacidad - ActionClient<\/title>\n<meta name=\"robots\" content=\"index, follow, max-snippet:-1, max-image-preview:large, max-video-preview:-1\" \/>\n<link rel=\"canonical\" href=\"https:\/\/actionclient.com\/es\/politica-de-privacidad\/\" \/>\n<meta property=\"og:locale\" content=\"es_ES\" \/>\n<meta property=\"og:type\" content=\"article\" \/>\n<meta property=\"og:title\" content=\"Pol\u00edtica de privacidad - ActionClient\" \/>\n<meta property=\"og:description\" content=\"\u00bfQui\u00e9nes somos? La direcci\u00f3n de nuestro sitio web es https:\/\/actionclient.com. Comentarios Cuando deja un comentario en nuestro sitio, los datos introducidos en el formulario de comentarios, as\u00ed como su direcci\u00f3n IP y el agente de usuario de su navegador, se recopilan para ayudarnos a detectar comentarios no deseados. Una cadena an\u00f3nima creada a partir de [&hellip;]\" \/>\n<meta property=\"og:url\" content=\"https:\/\/actionclient.com\/es\/politica-de-privacidad\/\" \/>\n<meta property=\"og:site_name\" content=\"ActionClient\" \/>\n<meta property=\"article:modified_time\" content=\"2023-12-07T21:42:21+00:00\" \/>\n<meta property=\"og:image\" content=\"https:\/\/actionclient.com\/wp-content\/uploads\/2023\/05\/pexels-fauxels-3184465.jpg\" \/>\n\t<meta property=\"og:image:width\" content=\"1280\" \/>\n\t<meta property=\"og:image:height\" content=\"853\" \/>\n\t<meta property=\"og:image:type\" content=\"image\/jpeg\" \/>\n<meta name=\"twitter:card\" content=\"summary_large_image\" \/>\n<meta name=\"twitter:label1\" content=\"Tiempo de lectura\" \/>\n\t<meta name=\"twitter:data1\" content=\"3 minutos\" \/>\n<script type=\"application\/ld+json\" class=\"yoast-schema-graph\">{\"@context\":\"https:\/\/schema.org\",\"@graph\":[{\"@type\":\"WebPage\",\"@id\":\"https:\/\/actionclient.com\/es\/politica-de-privacidad\/\",\"url\":\"https:\/\/actionclient.com\/es\/politica-de-privacidad\/\",\"name\":\"Pol\u00edtica de privacidad - ActionClient\",\"isPartOf\":{\"@id\":\"https:\/\/actionclient.com\/es\/#website\"},\"primaryImageOfPage\":{\"@id\":\"https:\/\/actionclient.com\/es\/politica-de-privacidad\/#primaryimage\"},\"image\":{\"@id\":\"https:\/\/actionclient.com\/es\/politica-de-privacidad\/#primaryimage\"},\"thumbnailUrl\":\"https:\/\/actionclient.com\/wp-content\/uploads\/2023\/05\/pexels-fauxels-3184465.jpg\",\"datePublished\":\"2023-05-04T17:17:00+00:00\",\"dateModified\":\"2023-12-07T21:42:21+00:00\",\"breadcrumb\":{\"@id\":\"https:\/\/actionclient.com\/es\/politica-de-privacidad\/#breadcrumb\"},\"inLanguage\":\"es\",\"potentialAction\":[{\"@type\":\"ReadAction\",\"target\":[\"https:\/\/actionclient.com\/es\/politica-de-privacidad\/\"]}]},{\"@type\":\"ImageObject\",\"inLanguage\":\"es\",\"@id\":\"https:\/\/actionclient.com\/es\/politica-de-privacidad\/#primaryimage\",\"url\":\"https:\/\/actionclient.com\/wp-content\/uploads\/2023\/05\/pexels-fauxels-3184465.jpg\",\"contentUrl\":\"https:\/\/actionclient.com\/wp-content\/uploads\/2023\/05\/pexels-fauxels-3184465.jpg\",\"width\":1280,\"height\":853},{\"@type\":\"BreadcrumbList\",\"@id\":\"https:\/\/actionclient.com\/es\/politica-de-privacidad\/#breadcrumb\",\"itemListElement\":[{\"@type\":\"ListItem\",\"position\":1,\"name\":\"Accueil\",\"item\":\"https:\/\/actionclient.com\/es\/\"},{\"@type\":\"ListItem\",\"position\":2,\"name\":\"Pol\u00edtica de privacidad\"}]},{\"@type\":\"WebSite\",\"@id\":\"https:\/\/actionclient.com\/es\/#website\",\"url\":\"https:\/\/actionclient.com\/es\/\",\"name\":\"ActionClient\",\"description\":\"CRM flexible et facile \u00e0 utiliser pour augmenter vos ventes\",\"publisher\":{\"@id\":\"https:\/\/actionclient.com\/es\/#organization\"},\"potentialAction\":[{\"@type\":\"SearchAction\",\"target\":{\"@type\":\"EntryPoint\",\"urlTemplate\":\"https:\/\/actionclient.com\/es\/?s={search_term_string}\"},\"query-input\":\"required name=search_term_string\"}],\"inLanguage\":\"es\"},{\"@type\":\"Organization\",\"@id\":\"https:\/\/actionclient.com\/es\/#organization\",\"name\":\"ActionClient\",\"url\":\"https:\/\/actionclient.com\/es\/\",\"logo\":{\"@type\":\"ImageObject\",\"inLanguage\":\"es\",\"@id\":\"https:\/\/actionclient.com\/es\/#\/schema\/logo\/image\/\",\"url\":\"https:\/\/actionclient.com\/wp-content\/uploads\/2023\/02\/logo-final.png\",\"contentUrl\":\"https:\/\/actionclient.com\/wp-content\/uploads\/2023\/02\/logo-final.png\",\"width\":417,\"height\":193,\"caption\":\"ActionClient\"},\"image\":{\"@id\":\"https:\/\/actionclient.com\/es\/#\/schema\/logo\/image\/\"}}]}<\/script>\n<!-- \/ Yoast SEO plugin. -->","yoast_head_json":{"title":"Pol\u00edtica de privacidad - ActionClient","robots":{"index":"index","follow":"follow","max-snippet":"max-snippet:-1","max-image-preview":"max-image-preview:large","max-video-preview":"max-video-preview:-1"},"canonical":"https:\/\/actionclient.com\/es\/politica-de-privacidad\/","og_locale":"es_ES","og_type":"article","og_title":"Pol\u00edtica de privacidad - ActionClient","og_description":"\u00bfQui\u00e9nes somos? La direcci\u00f3n de nuestro sitio web es https:\/\/actionclient.com. Comentarios Cuando deja un comentario en nuestro sitio, los datos introducidos en el formulario de comentarios, as\u00ed como su direcci\u00f3n IP y el agente de usuario de su navegador, se recopilan para ayudarnos a detectar comentarios no deseados. Una cadena an\u00f3nima creada a partir de [&hellip;]","og_url":"https:\/\/actionclient.com\/es\/politica-de-privacidad\/","og_site_name":"ActionClient","article_modified_time":"2023-12-07T21:42:21+00:00","og_image":[{"width":1280,"height":853,"url":"https:\/\/actionclient.com\/wp-content\/uploads\/2023\/05\/pexels-fauxels-3184465.jpg","type":"image\/jpeg"}],"twitter_card":"summary_large_image","twitter_misc":{"Tiempo de lectura":"3 minutos"},"schema":{"@context":"https:\/\/schema.org","@graph":[{"@type":"WebPage","@id":"https:\/\/actionclient.com\/es\/politica-de-privacidad\/","url":"https:\/\/actionclient.com\/es\/politica-de-privacidad\/","name":"Pol\u00edtica de privacidad - ActionClient","isPartOf":{"@id":"https:\/\/actionclient.com\/es\/#website"},"primaryImageOfPage":{"@id":"https:\/\/actionclient.com\/es\/politica-de-privacidad\/#primaryimage"},"image":{"@id":"https:\/\/actionclient.com\/es\/politica-de-privacidad\/#primaryimage"},"thumbnailUrl":"https:\/\/actionclient.com\/wp-content\/uploads\/2023\/05\/pexels-fauxels-3184465.jpg","datePublished":"2023-05-04T17:17:00+00:00","dateModified":"2023-12-07T21:42:21+00:00","breadcrumb":{"@id":"https:\/\/actionclient.com\/es\/politica-de-privacidad\/#breadcrumb"},"inLanguage":"es","potentialAction":[{"@type":"ReadAction","target":["https:\/\/actionclient.com\/es\/politica-de-privacidad\/"]}]},{"@type":"ImageObject","inLanguage":"es","@id":"https:\/\/actionclient.com\/es\/politica-de-privacidad\/#primaryimage","url":"https:\/\/actionclient.com\/wp-content\/uploads\/2023\/05\/pexels-fauxels-3184465.jpg","contentUrl":"https:\/\/actionclient.com\/wp-content\/uploads\/2023\/05\/pexels-fauxels-3184465.jpg","width":1280,"height":853},{"@type":"BreadcrumbList","@id":"https:\/\/actionclient.com\/es\/politica-de-privacidad\/#breadcrumb","itemListElement":[{"@type":"ListItem","position":1,"name":"Accueil","item":"https:\/\/actionclient.com\/es\/"},{"@type":"ListItem","position":2,"name":"Pol\u00edtica de privacidad"}]},{"@type":"WebSite","@id":"https:\/\/actionclient.com\/es\/#website","url":"https:\/\/actionclient.com\/es\/","name":"ActionClient","description":"CRM flexible et facile \u00e0 utiliser pour augmenter vos ventes","publisher":{"@id":"https:\/\/actionclient.com\/es\/#organization"},"potentialAction":[{"@type":"SearchAction","target":{"@type":"EntryPoint","urlTemplate":"https:\/\/actionclient.com\/es\/?s={search_term_string}"},"query-input":"required name=search_term_string"}],"inLanguage":"es"},{"@type":"Organization","@id":"https:\/\/actionclient.com\/es\/#organization","name":"ActionClient","url":"https:\/\/actionclient.com\/es\/","logo":{"@type":"ImageObject","inLanguage":"es","@id":"https:\/\/actionclient.com\/es\/#\/schema\/logo\/image\/","url":"https:\/\/actionclient.com\/wp-content\/uploads\/2023\/02\/logo-final.png","contentUrl":"https:\/\/actionclient.com\/wp-content\/uploads\/2023\/02\/logo-final.png","width":417,"height":193,"caption":"ActionClient"},"image":{"@id":"https:\/\/actionclient.com\/es\/#\/schema\/logo\/image\/"}}]}},"_links":{"self":[{"href":"https:\/\/actionclient.com\/es\/wp-json\/wp\/v2\/pages\/1304","targetHints":{"allow":["GET"]}}],"collection":[{"href":"https:\/\/actionclient.com\/es\/wp-json\/wp\/v2\/pages"}],"about":[{"href":"https:\/\/actionclient.com\/es\/wp-json\/wp\/v2\/types\/page"}],"author":[{"embeddable":true,"href":"https:\/\/actionclient.com\/es\/wp-json\/wp\/v2\/users\/1"}],"replies":[{"embeddable":true,"href":"https:\/\/actionclient.com\/es\/wp-json\/wp\/v2\/comments?post=1304"}],"version-history":[{"count":5,"href":"https:\/\/actionclient.com\/es\/wp-json\/wp\/v2\/pages\/1304\/revisions"}],"predecessor-version":[{"id":2557,"href":"https:\/\/actionclient.com\/es\/wp-json\/wp\/v2\/pages\/1304\/revisions\/2557"}],"wp:featuredmedia":[{"embeddable":true,"href":"https:\/\/actionclient.com\/es\/wp-json\/wp\/v2\/media\/1196"}],"wp:attachment":[{"href":"https:\/\/actionclient.com\/es\/wp-json\/wp\/v2\/media?parent=1304"}],"curies":[{"name":"wp","href":"https:\/\/api.w.org\/{rel}","templated":true}]}}