{"id":1296,"date":"2023-02-17T22:05:11","date_gmt":"2023-02-17T22:05:11","guid":{"rendered":"https:\/\/actionclient.com\/paquetes\/"},"modified":"2024-10-26T20:09:37","modified_gmt":"2024-10-26T20:09:37","slug":"paquetes","status":"publish","type":"page","link":"https:\/\/actionclient.com\/es\/paquetes\/","title":{"rendered":"CRM y paquetes gratuitos"},"content":{"rendered":"\n<p>Le ofrecemos un CRM gratuito con casi todas las opciones y limitado a 20 clientes, as\u00ed como un paquete con un n\u00famero ilimitado de clientes.<\/p>\n\n<div class=\"wp-block-cover alignfull\"><span aria-hidden=\"true\" class=\"wp-block-cover__background has-background-dim-0 has-background-dim\"><\/span><img loading=\"lazy\" decoding=\"async\" width=\"1200\" height=\"800\" class=\"wp-block-cover__image-background wp-image-363\" alt=\"\" src=\"https:\/\/actionclient.com\/wp-content\/uploads\/2023\/02\/Group-17-2.png\" data-object-fit=\"cover\" srcset=\"https:\/\/actionclient.com\/wp-content\/uploads\/2023\/02\/Group-17-2.png 1200w, https:\/\/actionclient.com\/wp-content\/uploads\/2023\/02\/Group-17-2-300x200.png 300w, https:\/\/actionclient.com\/wp-content\/uploads\/2023\/02\/Group-17-2-1024x683.png 1024w, https:\/\/actionclient.com\/wp-content\/uploads\/2023\/02\/Group-17-2-768x512.png 768w\" sizes=\"auto, (max-width: 1200px) 100vw, 1200px\" \/><div class=\"wp-block-cover__inner-container is-layout-flow wp-block-cover-is-layout-flow\">\n<div class=\"wp-block-group is-layout-constrained wp-block-group-is-layout-constrained\">\n<div style=\"height:40px\" aria-hidden=\"true\" class=\"wp-block-spacer\"><\/div>\n\n\n\n<div class=\"wp-block-columns are-vertically-aligned-center is-layout-flex wp-container-core-columns-is-layout-28f84493 wp-block-columns-is-layout-flex\">\n<div class=\"wp-block-column is-vertically-aligned-center is-layout-flow wp-block-column-is-layout-flow\" style=\"flex-basis:33.33%\"><h1 class=\"has-text-align-center wp-block-post-title\">CRM y paquetes gratuitos<\/h1><\/div>\n\n\n\n<div class=\"wp-block-column is-vertically-aligned-center is-layout-flow wp-block-column-is-layout-flow\" style=\"flex-basis:66.66%\">\n<p class=\"has-text-align-left has-medium-font-size\">Precios, paquetes, versi\u00f3n gratuita de nuestro CRM ActionClient. Actualice a la versi\u00f3n Pro para beneficiarse de un n\u00famero ilimitado de clientes y de todas las funciones del sistema.<\/p>\n<\/div>\n<\/div>\n\n\n\n<div style=\"height:26px\" aria-hidden=\"true\" class=\"wp-block-spacer\"><\/div>\n\n\n\n<div class=\"wp-block-columns is-layout-flex wp-container-core-columns-is-layout-28f84493 wp-block-columns-is-layout-flex\">\n<div class=\"wp-block-column has-background-alt-color has-text-color has-background has-link-color wp-elements-932d84e9d7f2d087357f0b33aecf73bc is-layout-flow wp-block-column-is-layout-flow\" style=\"background-color:#ffffff45;padding-top:2em;padding-right:2em;padding-bottom:2em;padding-left:2em\">\n<h2 class=\"wp-block-heading has-background-alt-color has-text-color\" id=\"single\" style=\"font-size:clamp(24.034px, 1.502rem + ((1vw - 3.2px) * 1.535), 40px);\"><strong>Gratis<\/strong><\/h2>\n\n\n\n<hr class=\"wp-block-separator has-text-color has-css-opacity has-background is-style-wide\" style=\"background-color:#000000;color:#000000\"\/>\n\n\n\n<ul class=\"wp-block-list\">\n<li>Gesti\u00f3n de clientes y prospectos<\/li>\n\n\n\n<li>Lista de reserva y propuestas actuales<\/li>\n\n\n\n<li>Gesti\u00f3n del seguimiento<\/li>\n\n\n\n<li>L\u00edmite de <strong>20 clientes<\/strong><\/li>\n<\/ul>\n\n\n\n<div style=\"height:40px\" aria-hidden=\"true\" class=\"wp-block-spacer\"><\/div>\n\n\n\n<div class=\"wp-block-buttons alignfull is-horizontal is-content-justification-center is-layout-flex wp-container-core-buttons-is-layout-03627597 wp-block-buttons-is-layout-flex\">\n<div class=\"wp-block-button has-custom-width wp-block-button__width-100\"><a class=\"wp-block-button__link has-background-alt-color has-secondary-background-color has-text-color has-background wp-element-button\" href=\"https:\/\/crm.actionclient.com\/signup\" target=\"_blank\" rel=\"noreferrer noopener\">Obtener ActionClient gratis<\/a><\/div>\n<\/div>\n<\/div>\n\n\n\n<div class=\"wp-block-column has-border-color has-secondary-border-color has-foreground-color has-background-alt-background-color has-text-color has-background has-link-color wp-elements-eac42bac4e9a78735a5780027191d1ba is-layout-flow wp-block-column-is-layout-flow\" style=\"border-width:3px;padding-top:2em;padding-right:2em;padding-bottom:2em;padding-left:2em\">\n<h2 class=\"wp-block-heading has-foreground-color has-text-color\" id=\"family\" style=\"font-size:clamp(24.034px, 1.502rem + ((1vw - 3.2px) * 1.535), 40px);\"><strong>ActionClient<\/strong> Pro aut\u00f3nomos<\/h2>\n\n\n\n<p class=\"has-normal-font-size\" style=\"line-height:1.5\">14,99 CAD \/ mes<\/p>\n\n\n\n<hr class=\"wp-block-separator has-css-opacity is-style-wide\"\/>\n\n\n\n<ul class=\"wp-block-list\">\n<li>Gesti\u00f3n de clientes y prospectos<\/li>\n\n\n\n<li>Lista de reserva y propuestas actuales<\/li>\n\n\n\n<li>Gesti\u00f3n del seguimiento<\/li>\n\n\n\n<li><strong>N\u00famero de clientes<\/strong> <strong>ilimitado<\/strong><\/li>\n<\/ul>\n\n\n\n<div class=\"wp-block-buttons alignfull is-horizontal is-content-justification-center is-layout-flex wp-container-core-buttons-is-layout-03627597 wp-block-buttons-is-layout-flex\">\n<div class=\"wp-block-button has-custom-width wp-block-button__width-100 is-style-fill\"><a class=\"wp-block-button__link has-background-alt-color has-secondary-background-color has-text-color has-background wp-element-button\" href=\"https:\/\/crm.actionclient.com\/upgrade\" target=\"_blank\" rel=\"noreferrer noopener\">Comprar ahora<\/a><\/div>\n<\/div>\n<\/div>\n\n\n\n<div class=\"wp-block-column has-border-color has-foreground-border-color has-background-alt-color has-foreground-background-color has-text-color has-background has-link-color wp-elements-fba589558e33782766e49440a0a802d7 is-layout-flow wp-block-column-is-layout-flow\" style=\"border-width:3px;padding-top:2em;padding-right:2em;padding-bottom:2em;padding-left:2em\">\n<h2 class=\"wp-block-heading has-background-alt-color has-text-color\" id=\"family\" style=\"font-size:clamp(24.034px, 1.502rem + ((1vw - 3.2px) * 1.535), 40px);\">Gesti\u00f3n de ventas de PYME<\/h2>\n\n\n\n<p class=\"has-normal-font-size\" style=\"line-height:1.5\">P\u00f3ngase en contacto con nosotros<\/p>\n\n\n\n<hr class=\"wp-block-separator has-css-opacity is-style-wide\"\/>\n\n\n\n<ul class=\"wp-block-list\">\n<li>Opci\u00f3n de arrastrar y soltar<\/li>\n\n\n\n<li>Ficha Gesti\u00f3n de ventas<\/li>\n\n\n\n<li>Pesta\u00f1a de estad\u00edsticas del equipo<\/li>\n\n\n\n<li>Ficha Estad\u00edsticas por vendedor<\/li>\n\n\n\n<li>Calendario de campa\u00f1as de marketing<\/li>\n\n\n\n<li><strong>N\u00famero de clientes<\/strong> <strong>ilimitado<\/strong><\/li>\n<\/ul>\n\n\n\n<div class=\"wp-block-buttons alignfull is-horizontal is-content-justification-center is-layout-flex wp-container-core-buttons-is-layout-03627597 wp-block-buttons-is-layout-flex\">\n<div class=\"wp-block-button has-custom-width wp-block-button__width-100 is-style-fill\"><a class=\"wp-block-button__link has-background-alt-color has-secondary-background-color has-text-color has-background wp-element-button\" href=\"https:\/\/actionclient.com\/es\/pongase-en-contacto-con-nosotros\/\">P\u00f3ngase en contacto con nosotros<\/a><\/div>\n<\/div>\n<\/div>\n<\/div>\n\n\n\n<div style=\"height:74px\" aria-hidden=\"true\" class=\"wp-block-spacer\"><\/div>\n<\/div>\n<\/div><\/div>\n\n<p><\/p>\n","protected":false},"excerpt":{"rendered":"<p>Le ofrecemos un CRM gratuito con casi todas las opciones y limitado a 20 clientes, as\u00ed como un paquete con un n\u00famero ilimitado de clientes.<\/p>\n","protected":false},"author":1,"featured_media":1157,"parent":0,"menu_order":0,"comment_status":"closed","ping_status":"closed","template":"no-title","meta":{"footnotes":""},"class_list":["post-1296","page","type-page","status-publish","has-post-thumbnail","hentry"],"yoast_head":"<!-- This site is optimized with the Yoast SEO plugin v22.9 - https:\/\/yoast.com\/wordpress\/plugins\/seo\/ -->\n<title>CRM y paquetes gratuitos<\/title>\n<meta name=\"description\" content=\"Nuestros paquetes CRM, versi\u00f3n gratuita para particulares y empresas, versi\u00f3n gratuita, las ventajas de las que puede disfrutar.\" \/>\n<meta name=\"robots\" content=\"index, follow, max-snippet:-1, max-image-preview:large, max-video-preview:-1\" \/>\n<link rel=\"canonical\" href=\"https:\/\/actionclient.com\/es\/paquetes\/\" \/>\n<meta property=\"og:locale\" content=\"es_ES\" \/>\n<meta property=\"og:type\" content=\"article\" \/>\n<meta property=\"og:title\" content=\"CRM y paquetes gratuitos\" \/>\n<meta property=\"og:description\" content=\"Nuestros paquetes CRM, versi\u00f3n gratuita para particulares y empresas, versi\u00f3n gratuita, las ventajas de las que puede disfrutar.\" \/>\n<meta property=\"og:url\" content=\"https:\/\/actionclient.com\/es\/paquetes\/\" \/>\n<meta property=\"og:site_name\" content=\"ActionClient\" \/>\n<meta property=\"article:modified_time\" content=\"2024-10-26T20:09:37+00:00\" \/>\n<meta property=\"og:image\" content=\"https:\/\/actionclient.com\/wp-content\/uploads\/2022\/10\/pexels-buro-millennial-1438081.jpg\" \/>\n\t<meta property=\"og:image:width\" content=\"1920\" \/>\n\t<meta property=\"og:image:height\" content=\"1282\" \/>\n\t<meta property=\"og:image:type\" content=\"image\/jpeg\" \/>\n<meta name=\"twitter:card\" content=\"summary_large_image\" \/>\n<meta name=\"twitter:label1\" content=\"Tiempo de lectura\" \/>\n\t<meta name=\"twitter:data1\" content=\"1 minuto\" \/>\n<script type=\"application\/ld+json\" class=\"yoast-schema-graph\">{\"@context\":\"https:\/\/schema.org\",\"@graph\":[{\"@type\":\"WebPage\",\"@id\":\"https:\/\/actionclient.com\/es\/paquetes\/\",\"url\":\"https:\/\/actionclient.com\/es\/paquetes\/\",\"name\":\"CRM y paquetes gratuitos\",\"isPartOf\":{\"@id\":\"https:\/\/actionclient.com\/es\/#website\"},\"primaryImageOfPage\":{\"@id\":\"https:\/\/actionclient.com\/es\/paquetes\/#primaryimage\"},\"image\":{\"@id\":\"https:\/\/actionclient.com\/es\/paquetes\/#primaryimage\"},\"thumbnailUrl\":\"https:\/\/actionclient.com\/wp-content\/uploads\/2022\/10\/pexels-buro-millennial-1438081.jpg\",\"datePublished\":\"2023-02-17T22:05:11+00:00\",\"dateModified\":\"2024-10-26T20:09:37+00:00\",\"description\":\"Nuestros paquetes CRM, versi\u00f3n gratuita para particulares y empresas, versi\u00f3n gratuita, las ventajas de las que puede disfrutar.\",\"breadcrumb\":{\"@id\":\"https:\/\/actionclient.com\/es\/paquetes\/#breadcrumb\"},\"inLanguage\":\"es\",\"potentialAction\":[{\"@type\":\"ReadAction\",\"target\":[\"https:\/\/actionclient.com\/es\/paquetes\/\"]}]},{\"@type\":\"ImageObject\",\"inLanguage\":\"es\",\"@id\":\"https:\/\/actionclient.com\/es\/paquetes\/#primaryimage\",\"url\":\"https:\/\/actionclient.com\/wp-content\/uploads\/2022\/10\/pexels-buro-millennial-1438081.jpg\",\"contentUrl\":\"https:\/\/actionclient.com\/wp-content\/uploads\/2022\/10\/pexels-buro-millennial-1438081.jpg\",\"width\":1920,\"height\":1282},{\"@type\":\"BreadcrumbList\",\"@id\":\"https:\/\/actionclient.com\/es\/paquetes\/#breadcrumb\",\"itemListElement\":[{\"@type\":\"ListItem\",\"position\":1,\"name\":\"Accueil\",\"item\":\"https:\/\/actionclient.com\/es\/\"},{\"@type\":\"ListItem\",\"position\":2,\"name\":\"CRM y paquetes gratuitos\"}]},{\"@type\":\"WebSite\",\"@id\":\"https:\/\/actionclient.com\/es\/#website\",\"url\":\"https:\/\/actionclient.com\/es\/\",\"name\":\"ActionClient\",\"description\":\"CRM flexible et facile \u00e0 utiliser pour augmenter vos ventes\",\"publisher\":{\"@id\":\"https:\/\/actionclient.com\/es\/#organization\"},\"potentialAction\":[{\"@type\":\"SearchAction\",\"target\":{\"@type\":\"EntryPoint\",\"urlTemplate\":\"https:\/\/actionclient.com\/es\/?s={search_term_string}\"},\"query-input\":\"required name=search_term_string\"}],\"inLanguage\":\"es\"},{\"@type\":\"Organization\",\"@id\":\"https:\/\/actionclient.com\/es\/#organization\",\"name\":\"ActionClient\",\"url\":\"https:\/\/actionclient.com\/es\/\",\"logo\":{\"@type\":\"ImageObject\",\"inLanguage\":\"es\",\"@id\":\"https:\/\/actionclient.com\/es\/#\/schema\/logo\/image\/\",\"url\":\"https:\/\/actionclient.com\/wp-content\/uploads\/2023\/02\/logo-final.png\",\"contentUrl\":\"https:\/\/actionclient.com\/wp-content\/uploads\/2023\/02\/logo-final.png\",\"width\":417,\"height\":193,\"caption\":\"ActionClient\"},\"image\":{\"@id\":\"https:\/\/actionclient.com\/es\/#\/schema\/logo\/image\/\"}}]}<\/script>\n<!-- \/ Yoast SEO plugin. -->","yoast_head_json":{"title":"CRM y paquetes gratuitos","description":"Nuestros paquetes CRM, versi\u00f3n gratuita para particulares y empresas, versi\u00f3n gratuita, las ventajas de las que puede disfrutar.","robots":{"index":"index","follow":"follow","max-snippet":"max-snippet:-1","max-image-preview":"max-image-preview:large","max-video-preview":"max-video-preview:-1"},"canonical":"https:\/\/actionclient.com\/es\/paquetes\/","og_locale":"es_ES","og_type":"article","og_title":"CRM y paquetes gratuitos","og_description":"Nuestros paquetes CRM, versi\u00f3n gratuita para particulares y empresas, versi\u00f3n gratuita, las ventajas de las que puede disfrutar.","og_url":"https:\/\/actionclient.com\/es\/paquetes\/","og_site_name":"ActionClient","article_modified_time":"2024-10-26T20:09:37+00:00","og_image":[{"width":1920,"height":1282,"url":"https:\/\/actionclient.com\/wp-content\/uploads\/2022\/10\/pexels-buro-millennial-1438081.jpg","type":"image\/jpeg"}],"twitter_card":"summary_large_image","twitter_misc":{"Tiempo de lectura":"1 minuto"},"schema":{"@context":"https:\/\/schema.org","@graph":[{"@type":"WebPage","@id":"https:\/\/actionclient.com\/es\/paquetes\/","url":"https:\/\/actionclient.com\/es\/paquetes\/","name":"CRM y paquetes gratuitos","isPartOf":{"@id":"https:\/\/actionclient.com\/es\/#website"},"primaryImageOfPage":{"@id":"https:\/\/actionclient.com\/es\/paquetes\/#primaryimage"},"image":{"@id":"https:\/\/actionclient.com\/es\/paquetes\/#primaryimage"},"thumbnailUrl":"https:\/\/actionclient.com\/wp-content\/uploads\/2022\/10\/pexels-buro-millennial-1438081.jpg","datePublished":"2023-02-17T22:05:11+00:00","dateModified":"2024-10-26T20:09:37+00:00","description":"Nuestros paquetes CRM, versi\u00f3n gratuita para particulares y empresas, versi\u00f3n gratuita, las ventajas de las que puede disfrutar.","breadcrumb":{"@id":"https:\/\/actionclient.com\/es\/paquetes\/#breadcrumb"},"inLanguage":"es","potentialAction":[{"@type":"ReadAction","target":["https:\/\/actionclient.com\/es\/paquetes\/"]}]},{"@type":"ImageObject","inLanguage":"es","@id":"https:\/\/actionclient.com\/es\/paquetes\/#primaryimage","url":"https:\/\/actionclient.com\/wp-content\/uploads\/2022\/10\/pexels-buro-millennial-1438081.jpg","contentUrl":"https:\/\/actionclient.com\/wp-content\/uploads\/2022\/10\/pexels-buro-millennial-1438081.jpg","width":1920,"height":1282},{"@type":"BreadcrumbList","@id":"https:\/\/actionclient.com\/es\/paquetes\/#breadcrumb","itemListElement":[{"@type":"ListItem","position":1,"name":"Accueil","item":"https:\/\/actionclient.com\/es\/"},{"@type":"ListItem","position":2,"name":"CRM y paquetes gratuitos"}]},{"@type":"WebSite","@id":"https:\/\/actionclient.com\/es\/#website","url":"https:\/\/actionclient.com\/es\/","name":"ActionClient","description":"CRM flexible et facile \u00e0 utiliser pour augmenter vos ventes","publisher":{"@id":"https:\/\/actionclient.com\/es\/#organization"},"potentialAction":[{"@type":"SearchAction","target":{"@type":"EntryPoint","urlTemplate":"https:\/\/actionclient.com\/es\/?s={search_term_string}"},"query-input":"required name=search_term_string"}],"inLanguage":"es"},{"@type":"Organization","@id":"https:\/\/actionclient.com\/es\/#organization","name":"ActionClient","url":"https:\/\/actionclient.com\/es\/","logo":{"@type":"ImageObject","inLanguage":"es","@id":"https:\/\/actionclient.com\/es\/#\/schema\/logo\/image\/","url":"https:\/\/actionclient.com\/wp-content\/uploads\/2023\/02\/logo-final.png","contentUrl":"https:\/\/actionclient.com\/wp-content\/uploads\/2023\/02\/logo-final.png","width":417,"height":193,"caption":"ActionClient"},"image":{"@id":"https:\/\/actionclient.com\/es\/#\/schema\/logo\/image\/"}}]}},"_links":{"self":[{"href":"https:\/\/actionclient.com\/es\/wp-json\/wp\/v2\/pages\/1296","targetHints":{"allow":["GET"]}}],"collection":[{"href":"https:\/\/actionclient.com\/es\/wp-json\/wp\/v2\/pages"}],"about":[{"href":"https:\/\/actionclient.com\/es\/wp-json\/wp\/v2\/types\/page"}],"author":[{"embeddable":true,"href":"https:\/\/actionclient.com\/es\/wp-json\/wp\/v2\/users\/1"}],"replies":[{"embeddable":true,"href":"https:\/\/actionclient.com\/es\/wp-json\/wp\/v2\/comments?post=1296"}],"version-history":[{"count":12,"href":"https:\/\/actionclient.com\/es\/wp-json\/wp\/v2\/pages\/1296\/revisions"}],"predecessor-version":[{"id":3671,"href":"https:\/\/actionclient.com\/es\/wp-json\/wp\/v2\/pages\/1296\/revisions\/3671"}],"wp:featuredmedia":[{"embeddable":true,"href":"https:\/\/actionclient.com\/es\/wp-json\/wp\/v2\/media\/1157"}],"wp:attachment":[{"href":"https:\/\/actionclient.com\/es\/wp-json\/wp\/v2\/media?parent=1296"}],"curies":[{"name":"wp","href":"https:\/\/api.w.org\/{rel}","templated":true}]}}